{"id":88,"date":"2023-10-17T09:55:19","date_gmt":"2023-10-17T09:55:19","guid":{"rendered":"https:\/\/www.aumedimmunology.cz\/?page_id=88"},"modified":"2023-10-17T11:44:45","modified_gmt":"2023-10-17T11:44:45","slug":"aktuality","status":"publish","type":"page","link":"https:\/\/www.aumedimmunology.cz\/?page_id=88","title":{"rendered":"AKTUALITY"},"content":{"rendered":"\n<div class=\"wp-block-columns is-layout-flex wp-container-core-columns-is-layout-9d6595d7 wp-block-columns-is-layout-flex\">\n<div class=\"wp-block-column is-layout-flow wp-block-column-is-layout-flow\" style=\"flex-basis:100%\">\n<div class=\"wp-block-group\"><div class=\"wp-block-group__inner-container is-layout-constrained wp-block-group-is-layout-constrained\"><ul class=\"wp-block-latest-posts__list has-dates alignleft wp-block-latest-posts\"><li><div class=\"wp-block-latest-posts__featured-image alignleft\"><img loading=\"lazy\" decoding=\"async\" width=\"300\" height=\"225\" src=\"https:\/\/www.aumedimmunology.cz\/wp-content\/uploads\/2025\/10\/20251024_090949-300x225.jpg\" class=\"attachment-medium size-medium wp-post-image\" alt=\"\" style=\"max-width:300px;max-height:300px;\" srcset=\"https:\/\/www.aumedimmunology.cz\/wp-content\/uploads\/2025\/10\/20251024_090949-300x225.jpg 300w, https:\/\/www.aumedimmunology.cz\/wp-content\/uploads\/2025\/10\/20251024_090949-1024x768.jpg 1024w, https:\/\/www.aumedimmunology.cz\/wp-content\/uploads\/2025\/10\/20251024_090949-768x576.jpg 768w, https:\/\/www.aumedimmunology.cz\/wp-content\/uploads\/2025\/10\/20251024_090949-1536x1152.jpg 1536w, https:\/\/www.aumedimmunology.cz\/wp-content\/uploads\/2025\/10\/20251024_090949-2048x1536.jpg 2048w\" sizes=\"auto, (max-width: 300px) 100vw, 300px\" \/><\/div><a class=\"wp-block-latest-posts__post-title\" href=\"https:\/\/www.aumedimmunology.cz\/?p=164\">AUMED, a.s. se op\u011bt s\u00a0\u00fasp\u011bchem z\u00fa\u010dastnil imunologick\u00e9ho kongresu<\/a><time datetime=\"2025-10-29T10:38:31+00:00\" class=\"wp-block-latest-posts__post-date\">29 \u0159\u00edjna, 2025<\/time><div class=\"wp-block-latest-posts__post-excerpt\">Z\u00e1stupci spole\u010dnosti AUMED se z\u00fa\u010dastnili kongresu&nbsp;XLII. Zjazd slovensk\u00fdch a \u010desk\u00fdch alergol\u00f3gov a klinick\u00fdch imunol\u00f3gov, kter\u00fd se konal 22. \u2013 25.10.2025 v&nbsp;Horn\u00edm Smokovci. AUMED m\u011bl obdobn\u011b jako v&nbsp;roce 2023 na kongresu vlastn\u00ed propaga\u010dn\u00ed st\u00e1nek zam\u011b\u0159en\u00fd zejm\u00e9na na imunologick\u00fd p\u0159\u00edpravek TFI na b\u00e1zi transferfaktoru, kter\u00fd sklidil obrovsk\u00fd \u00fasp\u011bch. Formou poster\u016f, let\u00e1k\u016f a osobn\u00edch rozhovor\u016f jsme sd\u00edleli s&nbsp;odbornou&hellip;&nbsp;<a href=\"https:\/\/www.aumedimmunology.cz\/?p=164\" class=\"\" rel=\"bookmark\">\u010c\u00edst d\u00e1le &raquo;<span class=\"screen-reader-text\">AUMED, a.s. se op\u011bt s\u00a0\u00fasp\u011bchem z\u00fa\u010dastnil imunologick\u00e9ho kongresu<\/span><\/a><\/div><\/li>\n<li><div class=\"wp-block-latest-posts__featured-image alignleft\"><img loading=\"lazy\" decoding=\"async\" width=\"300\" height=\"167\" src=\"https:\/\/www.aumedimmunology.cz\/wp-content\/uploads\/2025\/01\/lyof-tablety-vysledek-TRIA-300x167.jpg\" class=\"attachment-medium size-medium wp-post-image\" alt=\"\" style=\"max-width:300px;max-height:300px;\" srcset=\"https:\/\/www.aumedimmunology.cz\/wp-content\/uploads\/2025\/01\/lyof-tablety-vysledek-TRIA-300x167.jpg 300w, https:\/\/www.aumedimmunology.cz\/wp-content\/uploads\/2025\/01\/lyof-tablety-vysledek-TRIA-1024x569.jpg 1024w, https:\/\/www.aumedimmunology.cz\/wp-content\/uploads\/2025\/01\/lyof-tablety-vysledek-TRIA-768x427.jpg 768w, https:\/\/www.aumedimmunology.cz\/wp-content\/uploads\/2025\/01\/lyof-tablety-vysledek-TRIA-1536x854.jpg 1536w, https:\/\/www.aumedimmunology.cz\/wp-content\/uploads\/2025\/01\/lyof-tablety-vysledek-TRIA-2048x1139.jpg 2048w\" sizes=\"auto, (max-width: 300px) 100vw, 300px\" \/><\/div><a class=\"wp-block-latest-posts__post-title\" href=\"https:\/\/www.aumedimmunology.cz\/?p=142\">AUMED, a.s. z\u00edskal povolen\u00ed na klinickou studii, f\u00e1ze III, l\u00e9\u010div\u00e9ho p\u0159\u00edpravku TFI<\/a><time datetime=\"2025-01-16T11:44:49+00:00\" class=\"wp-block-latest-posts__post-date\">16 ledna, 2025<\/time><div class=\"wp-block-latest-posts__post-excerpt\">Na z\u00e1klad\u011b p\u0159edlo\u017een\u00e9 \u017e\u00e1dosti a dodan\u00fdch podklad\u016f St\u00e1tn\u00ed \u00fastav pro kontrolu l\u00e9\u010div (S\u00daKL) povolil v lednu 2025 klinick\u00e9 hodnocen\u00ed, f\u00e1ze III, l\u00e9\u010div\u00e9ho p\u0159\u00edpravku TFI (Transfer Factor) lyofilizovan\u00e1 mukoadhezivn\u00ed tableta pro buko-or\u00e1ln\u00ed pod\u00e1n\u00ed. Nov\u00fd l\u00e9\u010div\u00fd p\u0159\u00edpravek se op\u00edr\u00e1 o v\u00fdsledky vlastn\u00edch v\u00fdzkumn\u00fdch aktivit spole\u010dnosti AUMED, a.s. v oblasti transferfaktor\u016f. \u00da\u010delem t\u00e9to studie bude potvrdit \u00fa\u010dinnost l\u00e9\u010div\u00e9ho&hellip;&nbsp;<a href=\"https:\/\/www.aumedimmunology.cz\/?p=142\" class=\"\" rel=\"bookmark\">\u010c\u00edst d\u00e1le &raquo;<span class=\"screen-reader-text\">AUMED, a.s. z\u00edskal povolen\u00ed na klinickou studii, f\u00e1ze III, l\u00e9\u010div\u00e9ho p\u0159\u00edpravku TFI<\/span><\/a><\/div><\/li>\n<li><div class=\"wp-block-latest-posts__featured-image alignleft\"><img loading=\"lazy\" decoding=\"async\" width=\"300\" height=\"246\" src=\"https:\/\/www.aumedimmunology.cz\/wp-content\/uploads\/2025\/01\/TFI-nova-dotace-300x246.png\" class=\"attachment-medium size-medium wp-post-image\" alt=\"\" style=\"max-width:300px;max-height:300px;\" srcset=\"https:\/\/www.aumedimmunology.cz\/wp-content\/uploads\/2025\/01\/TFI-nova-dotace-300x246.png 300w, https:\/\/www.aumedimmunology.cz\/wp-content\/uploads\/2025\/01\/TFI-nova-dotace.png 712w\" sizes=\"auto, (max-width: 300px) 100vw, 300px\" \/><\/div><a class=\"wp-block-latest-posts__post-title\" href=\"https:\/\/www.aumedimmunology.cz\/?p=139\">AUMED, a.s. \u00fasp\u011b\u0161n\u011b ukon\u010dil klinickou studii, f\u00e1ze I, l\u00e9\u010div\u00e9ho p\u0159\u00edpravku TFI<\/a><time datetime=\"2025-01-16T11:43:40+00:00\" class=\"wp-block-latest-posts__post-date\">16 ledna, 2025<\/time><div class=\"wp-block-latest-posts__post-excerpt\">AUMED, a.s. ukon\u010dil 18.11.2024 klinickou studii, f\u00e1ze I, l\u00e9\u010div\u00e9ho p\u0159\u00edpravku TFI (Transfer Factor) lyofilizovan\u00e1 mukoadhezivn\u00ed tableta pro buko-or\u00e1ln\u00ed pod\u00e1n\u00ed. Nov\u00fd l\u00e9\u010div\u00fd p\u0159\u00edpravek se op\u00edr\u00e1 o v\u00fdsledky vlastn\u00edch v\u00fdzkumn\u00fdch aktivit spole\u010dnosti AUMED, a.s. v oblasti transferfaktor\u016f. \u00da\u010delem t\u00e9to studie bylo potvrdit, \u017ee se u mal\u00e9ho vzorku subjekt\u016f studie neobjev\u00ed \u017e\u00e1dn\u00e9 v\u00fdznamn\u00e9 bezpe\u010dnostn\u00ed probl\u00e9my. V t\u00e9to studii&hellip;&nbsp;<a href=\"https:\/\/www.aumedimmunology.cz\/?p=139\" class=\"\" rel=\"bookmark\">\u010c\u00edst d\u00e1le &raquo;<span class=\"screen-reader-text\">AUMED, a.s. \u00fasp\u011b\u0161n\u011b ukon\u010dil klinickou studii, f\u00e1ze I, l\u00e9\u010div\u00e9ho p\u0159\u00edpravku TFI<\/span><\/a><\/div><\/li>\n<li><div class=\"wp-block-latest-posts__featured-image alignleft\"><img loading=\"lazy\" decoding=\"async\" width=\"300\" height=\"300\" src=\"https:\/\/www.aumedimmunology.cz\/wp-content\/uploads\/2023\/11\/WhatsApp-foto-1-upr-300x300.jpg\" class=\"attachment-medium size-medium wp-post-image\" alt=\"\" style=\"max-width:300px;max-height:300px;\" srcset=\"https:\/\/www.aumedimmunology.cz\/wp-content\/uploads\/2023\/11\/WhatsApp-foto-1-upr-300x300.jpg 300w, https:\/\/www.aumedimmunology.cz\/wp-content\/uploads\/2023\/11\/WhatsApp-foto-1-upr-1024x1024.jpg 1024w, https:\/\/www.aumedimmunology.cz\/wp-content\/uploads\/2023\/11\/WhatsApp-foto-1-upr-150x150.jpg 150w, https:\/\/www.aumedimmunology.cz\/wp-content\/uploads\/2023\/11\/WhatsApp-foto-1-upr-768x768.jpg 768w, https:\/\/www.aumedimmunology.cz\/wp-content\/uploads\/2023\/11\/WhatsApp-foto-1-upr.jpg 1097w\" sizes=\"auto, (max-width: 300px) 100vw, 300px\" \/><\/div><a class=\"wp-block-latest-posts__post-title\" href=\"https:\/\/www.aumedimmunology.cz\/?p=133\">AUMED, a.s. se s\u00a0velk\u00fdm \u00fasp\u011bchem z\u00fa\u010dastnil imunologick\u00e9ho kongresu<\/a><time datetime=\"2023-11-14T12:10:35+00:00\" class=\"wp-block-latest-posts__post-date\">14 listopadu, 2023<\/time><div class=\"wp-block-latest-posts__post-excerpt\">Z\u00e1stupci spole\u010dnosti AUMED, a.s. a AUMED Immunology a.s. se z\u00fa\u010dastnili kongresu XL. Zjazd slovensk\u00fdch a \u010desk\u00fdch alergol\u00f3gov a klinick\u00fdch imunol\u00f3gov<\/div><\/li>\n<li><div class=\"wp-block-latest-posts__featured-image alignleft\"><img loading=\"lazy\" decoding=\"async\" width=\"300\" height=\"235\" src=\"https:\/\/www.aumedimmunology.cz\/wp-content\/uploads\/2023\/10\/aumed_imunology-01-1-300x235.png\" class=\"attachment-medium size-medium wp-post-image\" alt=\"\" style=\"max-width:300px;max-height:300px;\" srcset=\"https:\/\/www.aumedimmunology.cz\/wp-content\/uploads\/2023\/10\/aumed_imunology-01-1-300x235.png 300w, https:\/\/www.aumedimmunology.cz\/wp-content\/uploads\/2023\/10\/aumed_imunology-01-1.png 693w\" sizes=\"auto, (max-width: 300px) 100vw, 300px\" \/><\/div><a class=\"wp-block-latest-posts__post-title\" href=\"https:\/\/www.aumedimmunology.cz\/?p=122\">AUMED Immunology spou\u0161t\u00ed nov\u00fd web<\/a><time datetime=\"2023-10-17T11:41:11+00:00\" class=\"wp-block-latest-posts__post-date\">17 \u0159\u00edjna, 2023<\/time><div class=\"wp-block-latest-posts__post-excerpt\">Spole\u010dnost AUMED Immunology spou\u0161t\u00ed nov\u00e9 webov\u00e9 str\u00e1nky aumedimmunology.cz.<\/div><\/li>\n<\/ul><\/div><\/div>\n<\/div>\n<\/div>\n","protected":false},"excerpt":{"rendered":"","protected":false},"author":1,"featured_media":89,"parent":0,"menu_order":0,"comment_status":"closed","ping_status":"closed","template":"","meta":{"neve_meta_sidebar":"","neve_meta_container":"","neve_meta_enable_content_width":"","neve_meta_content_width":0,"neve_meta_title_alignment":"","neve_meta_author_avatar":"","neve_post_elements_order":"","neve_meta_disable_header":"","neve_meta_disable_footer":"","neve_meta_disable_title":"","footnotes":""},"class_list":["post-88","page","type-page","status-publish","has-post-thumbnail","hentry"],"_links":{"self":[{"href":"https:\/\/www.aumedimmunology.cz\/index.php?rest_route=\/wp\/v2\/pages\/88","targetHints":{"allow":["GET"]}}],"collection":[{"href":"https:\/\/www.aumedimmunology.cz\/index.php?rest_route=\/wp\/v2\/pages"}],"about":[{"href":"https:\/\/www.aumedimmunology.cz\/index.php?rest_route=\/wp\/v2\/types\/page"}],"author":[{"embeddable":true,"href":"https:\/\/www.aumedimmunology.cz\/index.php?rest_route=\/wp\/v2\/users\/1"}],"replies":[{"embeddable":true,"href":"https:\/\/www.aumedimmunology.cz\/index.php?rest_route=%2Fwp%2Fv2%2Fcomments&post=88"}],"version-history":[{"count":3,"href":"https:\/\/www.aumedimmunology.cz\/index.php?rest_route=\/wp\/v2\/pages\/88\/revisions"}],"predecessor-version":[{"id":125,"href":"https:\/\/www.aumedimmunology.cz\/index.php?rest_route=\/wp\/v2\/pages\/88\/revisions\/125"}],"wp:featuredmedia":[{"embeddable":true,"href":"https:\/\/www.aumedimmunology.cz\/index.php?rest_route=\/wp\/v2\/media\/89"}],"wp:attachment":[{"href":"https:\/\/www.aumedimmunology.cz\/index.php?rest_route=%2Fwp%2Fv2%2Fmedia&parent=88"}],"curies":[{"name":"wp","href":"https:\/\/api.w.org\/{rel}","templated":true}]}}