{"id":31,"date":"2023-10-04T11:06:48","date_gmt":"2023-10-04T11:06:48","guid":{"rendered":"https:\/\/www.aumedimmunology.cz\/?page_id=31"},"modified":"2023-10-17T10:04:06","modified_gmt":"2023-10-17T10:04:06","slug":"kontakt","status":"publish","type":"page","link":"https:\/\/www.aumedimmunology.cz\/?page_id=31","title":{"rendered":"KONTAKTN\u00cd \u00daDAJE"},"content":{"rendered":"\n<p>AUMED Immunology a.s.<\/p>\n\n\n\n<p>Jan\u00e1\u010dkovo n\u00e1b\u0159e\u017e\u00ed 475\/47, Sm\u00edchov, 150 00 Praha<\/p>\n\n\n\n<p>email.: info@aumed.cz<\/p>\n\n\n\n<p>tel.: +420 732463073<\/p>\n","protected":false},"excerpt":{"rendered":"<p>AUMED Immunology a.s. Jan\u00e1\u010dkovo n\u00e1b\u0159e\u017e\u00ed 475\/47, Sm\u00edchov, 150 00 Praha email.: info@aumed.cz tel.: +420 732463073<\/p>\n","protected":false},"author":1,"featured_media":85,"parent":0,"menu_order":0,"comment_status":"closed","ping_status":"closed","template":"","meta":{"neve_meta_sidebar":"","neve_meta_container":"","neve_meta_enable_content_width":"","neve_meta_content_width":0,"neve_meta_title_alignment":"","neve_meta_author_avatar":"","neve_post_elements_order":"","neve_meta_disable_header":"","neve_meta_disable_footer":"","neve_meta_disable_title":"","footnotes":""},"class_list":["post-31","page","type-page","status-publish","has-post-thumbnail","hentry"],"_links":{"self":[{"href":"https:\/\/www.aumedimmunology.cz\/index.php?rest_route=\/wp\/v2\/pages\/31","targetHints":{"allow":["GET"]}}],"collection":[{"href":"https:\/\/www.aumedimmunology.cz\/index.php?rest_route=\/wp\/v2\/pages"}],"about":[{"href":"https:\/\/www.aumedimmunology.cz\/index.php?rest_route=\/wp\/v2\/types\/page"}],"author":[{"embeddable":true,"href":"https:\/\/www.aumedimmunology.cz\/index.php?rest_route=\/wp\/v2\/users\/1"}],"replies":[{"embeddable":true,"href":"https:\/\/www.aumedimmunology.cz\/index.php?rest_route=%2Fwp%2Fv2%2Fcomments&post=31"}],"version-history":[{"count":3,"href":"https:\/\/www.aumedimmunology.cz\/index.php?rest_route=\/wp\/v2\/pages\/31\/revisions"}],"predecessor-version":[{"id":95,"href":"https:\/\/www.aumedimmunology.cz\/index.php?rest_route=\/wp\/v2\/pages\/31\/revisions\/95"}],"wp:featuredmedia":[{"embeddable":true,"href":"https:\/\/www.aumedimmunology.cz\/index.php?rest_route=\/wp\/v2\/media\/85"}],"wp:attachment":[{"href":"https:\/\/www.aumedimmunology.cz\/index.php?rest_route=%2Fwp%2Fv2%2Fmedia&parent=31"}],"curies":[{"name":"wp","href":"https:\/\/api.w.org\/{rel}","templated":true}]}}